{"id":696,"date":"2023-01-23T16:14:25","date_gmt":"2023-01-23T14:14:25","guid":{"rendered":"https:\/\/medic-antreprenor.ro\/?page_id=696"},"modified":"2023-01-30T16:38:13","modified_gmt":"2023-01-30T14:38:13","slug":"despre-noi","status":"publish","type":"page","link":"https:\/\/medic-antreprenor.ro\/index.php\/despre-noi\/","title":{"rendered":"Despre noi"},"content":{"rendered":"\n<p>Bine a\u021bi venit pe acest blog dedicat medicilor antreprenori!<\/p>\n\n\n\n<p>Suntem con\u0219tien\u021bi c\u0103 aceast\u0103 combina\u021bie poate fi dificil\u0103, dar \u0219i foarte \u00eemplinitoare. A\u021bi luat decizia de a fi antreprenor, de a fi responsabil pentru propriul succes \u0219i de a avea libertatea de a face alegeri care sunt cele mai bune pentru pacien\u021bii \u0219i pentru afacerea dvs.<\/p>\n\n\n\n<p>\u00cen\u021belegem c\u0103 aceast\u0103 cale nu este lipsit\u0103 de provoc\u0103ri \u0219i obstacole. De aceea, ne-am propus s\u0103 v\u0103 oferim informa\u021bii \u0219i sfaturi relevante, care s\u0103 v\u0103 ajute s\u0103 face\u021bi alegeri informate \u0219i s\u0103 dep\u0103\u0219i\u021bi provoc\u0103rile cu care v-a\u021bi confruntat.<\/p>\n\n\n\n<p>Pe acest blog, vom discuta despre diverse subiecte care v\u0103 pot fi de ajutor \u00een dezvoltarea \u0219i men\u021binerea afacerii dumneavoastr\u0103:<\/p>\n\n\n\n<ul class=\"wp-block-list\">\n<li>identificare \u0219i atragerea publicul \u021bint\u0103<\/li>\n\n\n\n<li>dezvoltarea \u0219i implementarea un plan de afaceri<\/li>\n\n\n\n<li>programe de finan\u021bare<\/li>\n\n\n\n<li>gestionarea eficient\u0103 a resurselor<\/li>\n\n\n\n<li>atragerea \u0219i p\u0103strarea angaja\u021bilor talenta\u021bi<\/li>\n\n\n\n<li>construirea unei culturi organizationale puternice<\/li>\n\n\n\n<li>gestionarea conflictelor \u0219i problemelor care pot ap\u0103rea \u00een cadrul unei echipe.<\/li>\n<\/ul>\n\n\n\n<p>De asemenea, vom oferi oportunit\u0103\u021bi de \u00eenv\u0103\u021bare \u0219i dezvoltare continu\u0103, precum \u0219i acces la resurse de \u00eenv\u0103\u021bare \u0219i dezvoltare online.<\/p>\n\n\n\n<p>Suntem \u00eenc\u00e2nta\u021bi s\u0103 v\u0103 oferim acest suport \u0219i sper\u0103m c\u0103 ve\u021bi g\u0103si acest blog util \u00een drumul dumneavoastr\u0103 ca medic antreprenor.<\/p>\n","protected":false},"excerpt":{"rendered":"<p>Bine a\u021bi venit pe acest blog dedicat medicilor antreprenori! Suntem con\u0219tien\u021bi c\u0103 aceast\u0103 combina\u021bie poate fi dificil\u0103, dar \u0219i foarte \u00eemplinitoare. A\u021bi luat decizia de [&hellip;]<\/p>\n","protected":false},"author":1,"featured_media":0,"parent":0,"menu_order":0,"comment_status":"closed","ping_status":"closed","template":"","meta":{"footnotes":""},"class_list":["post-696","page","type-page","status-publish","hentry"],"yoast_head":"<!-- This site is optimized with the Yoast SEO plugin v27.2 - https:\/\/yoast.com\/product\/yoast-seo-wordpress\/ -->\n<title>Despre noi - Medic Antreprenor<\/title>\n<meta name=\"robots\" content=\"index, follow, max-snippet:-1, max-image-preview:large, max-video-preview:-1\" \/>\n<link rel=\"canonical\" href=\"https:\/\/medic-antreprenor.ro\/index.php\/despre-noi\/\" \/>\n<meta property=\"og:locale\" content=\"ro_RO\" \/>\n<meta property=\"og:type\" content=\"article\" \/>\n<meta property=\"og:title\" content=\"Despre noi - Medic Antreprenor\" \/>\n<meta property=\"og:description\" content=\"Bine a\u021bi venit pe acest blog dedicat medicilor antreprenori! Suntem con\u0219tien\u021bi c\u0103 aceast\u0103 combina\u021bie poate fi dificil\u0103, dar \u0219i foarte \u00eemplinitoare. A\u021bi luat decizia de [&hellip;]\" \/>\n<meta property=\"og:url\" content=\"https:\/\/medic-antreprenor.ro\/index.php\/despre-noi\/\" \/>\n<meta property=\"og:site_name\" content=\"Medic Antreprenor\" \/>\n<meta property=\"article:publisher\" content=\"https:\/\/www.facebook.com\/medicantreprenor\/\" \/>\n<meta property=\"article:modified_time\" content=\"2023-01-30T14:38:13+00:00\" \/>\n<meta name=\"twitter:card\" content=\"summary_large_image\" \/>\n<meta name=\"twitter:label1\" content=\"Timp estimat pentru citire\" \/>\n\t<meta name=\"twitter:data1\" content=\"2 minute\" \/>\n<script type=\"application\/ld+json\" class=\"yoast-schema-graph\">{\"@context\":\"https:\/\/schema.org\",\"@graph\":[{\"@type\":\"WebPage\",\"@id\":\"https:\/\/medic-antreprenor.ro\/index.php\/despre-noi\/\",\"url\":\"https:\/\/medic-antreprenor.ro\/index.php\/despre-noi\/\",\"name\":\"Despre noi - Medic Antreprenor\",\"isPartOf\":{\"@id\":\"https:\/\/medic-antreprenor.ro\/#website\"},\"datePublished\":\"2023-01-23T14:14:25+00:00\",\"dateModified\":\"2023-01-30T14:38:13+00:00\",\"breadcrumb\":{\"@id\":\"https:\/\/medic-antreprenor.ro\/index.php\/despre-noi\/#breadcrumb\"},\"inLanguage\":\"ro-RO\",\"potentialAction\":[{\"@type\":\"ReadAction\",\"target\":[\"https:\/\/medic-antreprenor.ro\/index.php\/despre-noi\/\"]}]},{\"@type\":\"BreadcrumbList\",\"@id\":\"https:\/\/medic-antreprenor.ro\/index.php\/despre-noi\/#breadcrumb\",\"itemListElement\":[{\"@type\":\"ListItem\",\"position\":1,\"name\":\"Prima pagin\u0103\",\"item\":\"https:\/\/medic-antreprenor.ro\/\"},{\"@type\":\"ListItem\",\"position\":2,\"name\":\"Despre noi\"}]},{\"@type\":\"WebSite\",\"@id\":\"https:\/\/medic-antreprenor.ro\/#website\",\"url\":\"https:\/\/medic-antreprenor.ro\/\",\"name\":\"Medic Antreprenor - Excelenta in medicina si afaceri\",\"description\":\"Excelen\u021ba \u00een medicin\u0103 \u0219i afaceri\",\"publisher\":{\"@id\":\"https:\/\/medic-antreprenor.ro\/#organization\"},\"alternateName\":\"Medic Antreprenor\",\"potentialAction\":[{\"@type\":\"SearchAction\",\"target\":{\"@type\":\"EntryPoint\",\"urlTemplate\":\"https:\/\/medic-antreprenor.ro\/?s={search_term_string}\"},\"query-input\":{\"@type\":\"PropertyValueSpecification\",\"valueRequired\":true,\"valueName\":\"search_term_string\"}}],\"inLanguage\":\"ro-RO\"},{\"@type\":\"Organization\",\"@id\":\"https:\/\/medic-antreprenor.ro\/#organization\",\"name\":\"Medic Antreprenor - Excelenta in medicina si afaceri\",\"alternateName\":\"Medic Antreprenor\",\"url\":\"https:\/\/medic-antreprenor.ro\/\",\"logo\":{\"@type\":\"ImageObject\",\"inLanguage\":\"ro-RO\",\"@id\":\"https:\/\/medic-antreprenor.ro\/#\/schema\/logo\/image\/\",\"url\":\"https:\/\/medic-antreprenor.ro\/wp-content\/uploads\/2023\/01\/cropped-1657108377920.png\",\"contentUrl\":\"https:\/\/medic-antreprenor.ro\/wp-content\/uploads\/2023\/01\/cropped-1657108377920.png\",\"width\":908,\"height\":908,\"caption\":\"Medic Antreprenor - Excelenta in medicina si afaceri\"},\"image\":{\"@id\":\"https:\/\/medic-antreprenor.ro\/#\/schema\/logo\/image\/\"},\"sameAs\":[\"https:\/\/www.facebook.com\/medicantreprenor\/\",\"https:\/\/www.instagram.com\/medicantreprenor\/\",\"https:\/\/www.linkedin.com\/showcase\/medicantreprenor\/\"]}]}<\/script>\n<!-- \/ Yoast SEO plugin. -->","yoast_head_json":{"title":"Despre noi - Medic Antreprenor","robots":{"index":"index","follow":"follow","max-snippet":"max-snippet:-1","max-image-preview":"max-image-preview:large","max-video-preview":"max-video-preview:-1"},"canonical":"https:\/\/medic-antreprenor.ro\/index.php\/despre-noi\/","og_locale":"ro_RO","og_type":"article","og_title":"Despre noi - Medic Antreprenor","og_description":"Bine a\u021bi venit pe acest blog dedicat medicilor antreprenori! Suntem con\u0219tien\u021bi c\u0103 aceast\u0103 combina\u021bie poate fi dificil\u0103, dar \u0219i foarte \u00eemplinitoare. A\u021bi luat decizia de [&hellip;]","og_url":"https:\/\/medic-antreprenor.ro\/index.php\/despre-noi\/","og_site_name":"Medic Antreprenor","article_publisher":"https:\/\/www.facebook.com\/medicantreprenor\/","article_modified_time":"2023-01-30T14:38:13+00:00","twitter_card":"summary_large_image","twitter_misc":{"Timp estimat pentru citire":"2 minute"},"schema":{"@context":"https:\/\/schema.org","@graph":[{"@type":"WebPage","@id":"https:\/\/medic-antreprenor.ro\/index.php\/despre-noi\/","url":"https:\/\/medic-antreprenor.ro\/index.php\/despre-noi\/","name":"Despre noi - Medic Antreprenor","isPartOf":{"@id":"https:\/\/medic-antreprenor.ro\/#website"},"datePublished":"2023-01-23T14:14:25+00:00","dateModified":"2023-01-30T14:38:13+00:00","breadcrumb":{"@id":"https:\/\/medic-antreprenor.ro\/index.php\/despre-noi\/#breadcrumb"},"inLanguage":"ro-RO","potentialAction":[{"@type":"ReadAction","target":["https:\/\/medic-antreprenor.ro\/index.php\/despre-noi\/"]}]},{"@type":"BreadcrumbList","@id":"https:\/\/medic-antreprenor.ro\/index.php\/despre-noi\/#breadcrumb","itemListElement":[{"@type":"ListItem","position":1,"name":"Prima pagin\u0103","item":"https:\/\/medic-antreprenor.ro\/"},{"@type":"ListItem","position":2,"name":"Despre noi"}]},{"@type":"WebSite","@id":"https:\/\/medic-antreprenor.ro\/#website","url":"https:\/\/medic-antreprenor.ro\/","name":"Medic Antreprenor - Excelenta in medicina si afaceri","description":"Excelen\u021ba \u00een medicin\u0103 \u0219i afaceri","publisher":{"@id":"https:\/\/medic-antreprenor.ro\/#organization"},"alternateName":"Medic Antreprenor","potentialAction":[{"@type":"SearchAction","target":{"@type":"EntryPoint","urlTemplate":"https:\/\/medic-antreprenor.ro\/?s={search_term_string}"},"query-input":{"@type":"PropertyValueSpecification","valueRequired":true,"valueName":"search_term_string"}}],"inLanguage":"ro-RO"},{"@type":"Organization","@id":"https:\/\/medic-antreprenor.ro\/#organization","name":"Medic Antreprenor - Excelenta in medicina si afaceri","alternateName":"Medic Antreprenor","url":"https:\/\/medic-antreprenor.ro\/","logo":{"@type":"ImageObject","inLanguage":"ro-RO","@id":"https:\/\/medic-antreprenor.ro\/#\/schema\/logo\/image\/","url":"https:\/\/medic-antreprenor.ro\/wp-content\/uploads\/2023\/01\/cropped-1657108377920.png","contentUrl":"https:\/\/medic-antreprenor.ro\/wp-content\/uploads\/2023\/01\/cropped-1657108377920.png","width":908,"height":908,"caption":"Medic Antreprenor - Excelenta in medicina si afaceri"},"image":{"@id":"https:\/\/medic-antreprenor.ro\/#\/schema\/logo\/image\/"},"sameAs":["https:\/\/www.facebook.com\/medicantreprenor\/","https:\/\/www.instagram.com\/medicantreprenor\/","https:\/\/www.linkedin.com\/showcase\/medicantreprenor\/"]}]}},"_links":{"self":[{"href":"https:\/\/medic-antreprenor.ro\/index.php\/wp-json\/wp\/v2\/pages\/696","targetHints":{"allow":["GET"]}}],"collection":[{"href":"https:\/\/medic-antreprenor.ro\/index.php\/wp-json\/wp\/v2\/pages"}],"about":[{"href":"https:\/\/medic-antreprenor.ro\/index.php\/wp-json\/wp\/v2\/types\/page"}],"author":[{"embeddable":true,"href":"https:\/\/medic-antreprenor.ro\/index.php\/wp-json\/wp\/v2\/users\/1"}],"replies":[{"embeddable":true,"href":"https:\/\/medic-antreprenor.ro\/index.php\/wp-json\/wp\/v2\/comments?post=696"}],"version-history":[{"count":3,"href":"https:\/\/medic-antreprenor.ro\/index.php\/wp-json\/wp\/v2\/pages\/696\/revisions"}],"predecessor-version":[{"id":837,"href":"https:\/\/medic-antreprenor.ro\/index.php\/wp-json\/wp\/v2\/pages\/696\/revisions\/837"}],"wp:attachment":[{"href":"https:\/\/medic-antreprenor.ro\/index.php\/wp-json\/wp\/v2\/media?parent=696"}],"curies":[{"name":"wp","href":"https:\/\/api.w.org\/{rel}","templated":true}]}}